{"id":63,"date":"2015-06-22T12:25:51","date_gmt":"2015-06-22T10:25:51","guid":{"rendered":"http:\/\/blog.ostwestfalen.ihk.de\/nachhaltigkeitspreis\/?page_id=63"},"modified":"2024-02-28T12:32:13","modified_gmt":"2024-02-28T11:32:13","slug":"jury","status":"publish","type":"page","link":"https:\/\/blog.ostwestfalen.ihk.de\/nachhaltigkeitspreis\/jury\/","title":{"rendered":"Jury 2020"},"content":{"rendered":"\t\t<div data-elementor-type=\"wp-page\" data-elementor-id=\"63\" class=\"elementor elementor-63\" data-elementor-post-type=\"page\">\n\t\t\t\t\t\t<section class=\"elementor-section elementor-top-section elementor-element elementor-element-2c306c94 elementor-section-boxed elementor-section-height-default elementor-section-height-default\" data-id=\"2c306c94\" data-element_type=\"section\" data-e-type=\"section\">\n\t\t\t\t\t\t<div class=\"elementor-container elementor-column-gap-default\">\n\t\t\t\t\t<div class=\"elementor-column elementor-col-100 elementor-top-column elementor-element elementor-element-62fd85ca\" data-id=\"62fd85ca\" data-element_type=\"column\" data-e-type=\"column\">\n\t\t\t<div class=\"elementor-widget-wrap elementor-element-populated\">\n\t\t\t\t\t\t<div class=\"elementor-element elementor-element-31a48476 elementor-widget elementor-widget-text-editor\" data-id=\"31a48476\" data-element_type=\"widget\" data-e-type=\"widget\" data-widget_type=\"text-editor.default\">\n\t\t\t\t<div class=\"elementor-widget-container\">\n\t\t\t\t\t\t\t\t\t<p><a href=\"http:\/\/blog.ostwestfalen.ihk.de\/nachhaltigkeitspreis\/wp-content\/uploads\/sites\/6\/2019\/08\/Foto-Bonde_web.jpg.png\"><img fetchpriority=\"high\" decoding=\"async\" class=\"size-full wp-image-194 alignleft\" src=\"http:\/\/blog.ostwestfalen.ihk.de\/nachhaltigkeitspreis\/wp-content\/uploads\/sites\/6\/2019\/08\/Foto-Bonde_web.jpg.png\" alt=\"\" width=\"200\" height=\"250\"><\/a><strong>Alexander Bonde<\/strong><br>\nGeneralsekret\u00e4r<br>\nDeutsche Bundesstiftung<br>\nUmwelt,<br>\nOsnabr\u00fcck<br>\n(Sprecher der Jury)<\/p>\n<p>&nbsp;<\/p>\n<p>&nbsp;<\/p>\n<p>&nbsp;<\/p>\n<p><a href=\"http:\/\/blog.ostwestfalen.ihk.de\/nachhaltigkeitspreis\/wp-content\/uploads\/sites\/6\/2019\/08\/Foto_Kruse_2019_web.JPG.png\"><img decoding=\"async\" class=\"size-medium wp-image-189 alignleft\" src=\"http:\/\/blog.ostwestfalen.ihk.de\/nachhaltigkeitspreis\/wp-content\/uploads\/sites\/6\/2019\/08\/Foto_Kruse_2019_web.JPG.png\" alt=\"\" width=\"200\" height=\"250\"><\/a><strong>Prof. Dr. Olaf Kruse<\/strong><br>\nUniversit\u00e4t Bielefeld,<br>\nWissenschaftlicher<br>\nDirektor Centrum<br>\nf\u00fcr Biotechnologie<br>\n(CeBiTec)<\/p>\n<p>&nbsp;<\/p>\n<p>&nbsp;<\/p>\n<p>&nbsp;<\/p>\n<p><a href=\"http:\/\/blog.ostwestfalen.ihk.de\/nachhaltigkeitspreis\/wp-content\/uploads\/sites\/6\/2019\/08\/Foto_Krueger_Tanja_web.jpg.png\"><img decoding=\"async\" class=\"size-medium wp-image-190 alignleft\" src=\"http:\/\/blog.ostwestfalen.ihk.de\/nachhaltigkeitspreis\/wp-content\/uploads\/sites\/6\/2019\/08\/Foto_Krueger_Tanja_web.jpg.png\" alt=\"\" width=\"200\" height=\"250\"><\/a><strong>Tanja Maa\u00df<\/strong><br>\nGesch\u00e4ftsf\u00fchrende Gesellschafterin<br>\nResolto Informatik<br>\nGmbH, Herford<\/p>\n<p>&nbsp;<\/p>\n<p>&nbsp;<\/p>\n<p>&nbsp;<\/p>\n<p>&nbsp;<\/p>\n<p><img loading=\"lazy\" decoding=\"async\" class=\"size-medium wp-image-188 alignleft\" src=\"http:\/\/blog.ostwestfalen.ihk.de\/nachhaltigkeitspreis\/wp-content\/uploads\/sites\/6\/2019\/08\/Foto_Lang-Christine_web.jpg.png\" alt=\"\" width=\"200\" height=\"250\"><strong>Christine Lang<\/strong><br>\nErste Beigeordnete<br>\nund Umweltdezernentin<br>\nder Stadt G\u00fctersloh<\/p>\n<p>&nbsp;<\/p>\n<p>&nbsp;<\/p>\n<p>&nbsp;<\/p>\n<p>&nbsp;<\/p>\n<p><a href=\"http:\/\/blog.ostwestfalen.ihk.de\/nachhaltigkeitspreis\/wp-content\/uploads\/sites\/6\/2019\/08\/Foto-Klaus-Meyer-2018_WEB.jpg.png\"><img loading=\"lazy\" decoding=\"async\" class=\"size-medium wp-image-193 alignleft\" src=\"http:\/\/blog.ostwestfalen.ihk.de\/nachhaltigkeitspreis\/wp-content\/uploads\/sites\/6\/2019\/08\/Foto-Klaus-Meyer-2018_WEB.jpg.png\" alt=\"\" width=\"200\" height=\"250\"><\/a><strong><br><\/strong><\/p><p><strong><br><\/strong><\/p><p><strong><br><\/strong><\/p><p><strong>Klaus Meyer<\/strong><br>\nGesch\u00e4ftsf\u00fchrer<br>\nEnergie Impuls<br>\nOWL e. V., Bielefeld<\/p>\n<p>&nbsp;<\/p>\n<p>&nbsp;<\/p>\n<p>&nbsp;<\/p>\n<p>&nbsp;<\/p>\n<p><a href=\"http:\/\/blog.ostwestfalen.ihk.de\/nachhaltigkeitspreis\/wp-content\/uploads\/sites\/6\/2019\/08\/Foto_Mittag_Susanne_web.jpg.png\"><img loading=\"lazy\" decoding=\"async\" class=\"size-full wp-image-187 alignleft\" src=\"http:\/\/blog.ostwestfalen.ihk.de\/nachhaltigkeitspreis\/wp-content\/uploads\/sites\/6\/2019\/08\/Foto_Mittag_Susanne_web.jpg.png\" alt=\"\" width=\"200\" height=\"250\"><\/a><\/p>\n<p><strong>Susanne Mittag<\/strong><br>\nB\u00fcrgermeisterin<br>\nder Gemeinde<br>\nLangenberg<\/p>\n<p>&nbsp;<\/p>\n<p>&nbsp;<\/p>\n<p>&nbsp;<\/p>\n<p>&nbsp;<\/p>\n<p><a href=\"http:\/\/blog.ostwestfalen.ihk.de\/nachhaltigkeitspreis\/wp-content\/uploads\/sites\/6\/2019\/08\/Foto-Ohlmeyer_WEB.jpg.png\"><img loading=\"lazy\" decoding=\"async\" class=\"size-medium wp-image-192 alignleft\" src=\"http:\/\/blog.ostwestfalen.ihk.de\/nachhaltigkeitspreis\/wp-content\/uploads\/sites\/6\/2019\/08\/Foto-Ohlmeyer_WEB.jpg.png\" alt=\"\" width=\"200\" height=\"250\"><\/a><strong>Jens Ohlemeyer<\/strong><br>\nVorstandsvorsitzender<br>\nKlimaWoche<br>\nBielefeld e. V.<\/p>\n<p>&nbsp;<\/p>\n<p>&nbsp;<\/p>\n<p>&nbsp;<\/p>\n<p>&nbsp;<\/p>\n<p><a href=\"http:\/\/blog.ostwestfalen.ihk.de\/nachhaltigkeitspreis\/wp-content\/uploads\/sites\/6\/2019\/08\/Foto-Weinig-Johannes_web.JPG.png\"><img loading=\"lazy\" decoding=\"async\" class=\"size-medium wp-image-191 alignleft\" src=\"http:\/\/blog.ostwestfalen.ihk.de\/nachhaltigkeitspreis\/wp-content\/uploads\/sites\/6\/2019\/08\/Foto-Weinig-Johannes_web.JPG.png\" alt=\"\" width=\"200\" height=\"250\"><\/a><\/p>\n<p><strong>Prof. Dr.-Ing.<\/strong><br>\n<strong>Johannes Weinig<\/strong><br>\nFachhochschule<br>\nBielefeld, Campus<br>\nMinden (\u2020)<\/p>\t\t\t\t\t\t\t\t<\/div>\n\t\t\t\t<\/div>\n\t\t\t\t\t<\/div>\n\t\t<\/div>\n\t\t\t\t\t<\/div>\n\t\t<\/section>\n\t\t\t\t<\/div>\n\t\t","protected":false},"excerpt":{"rendered":"<p>Alexander Bonde Generalsekret\u00e4r Deutsche Bundesstiftung Umwelt, Osnabr\u00fcck (Sprecher der Jury) &nbsp; &nbsp; &nbsp; Prof. Dr. Olaf Kruse Universit\u00e4t Bielefeld, Wissenschaftlicher Direktor Centrum f\u00fcr Biotechnologie (CeBiTec) &nbsp; &nbsp; &nbsp; Tanja Maa\u00df Gesch\u00e4ftsf\u00fchrende Gesellschafterin Resolto Informatik GmbH, Herford &nbsp; &nbsp; &nbsp; &nbsp; &hellip; <a href=\"https:\/\/blog.ostwestfalen.ihk.de\/nachhaltigkeitspreis\/jury\/\">Weiterlesen<\/a><\/p>\n","protected":false},"author":20,"featured_media":0,"parent":0,"menu_order":0,"comment_status":"closed","ping_status":"closed","template":"","meta":{"footnotes":""},"class_list":["post-63","page","type-page","status-publish","hentry"],"yoast_head":"<!-- This site is optimized with the Yoast SEO plugin v27.4 - https:\/\/yoast.com\/product\/yoast-seo-wordpress\/ -->\n<title>Jury 2020 - Nachhaltigkeitspreis 2020<\/title>\n<meta name=\"robots\" content=\"index, follow, max-snippet:-1, max-image-preview:large, max-video-preview:-1\" \/>\n<link rel=\"canonical\" href=\"https:\/\/blog.ostwestfalen.ihk.de\/nachhaltigkeitspreis\/jury\/\" \/>\n<meta property=\"og:locale\" content=\"de_DE\" \/>\n<meta property=\"og:type\" content=\"article\" \/>\n<meta property=\"og:title\" content=\"Jury 2020 - Nachhaltigkeitspreis 2020\" \/>\n<meta property=\"og:description\" content=\"Alexander Bonde Generalsekret\u00e4r Deutsche Bundesstiftung Umwelt, Osnabr\u00fcck (Sprecher der Jury) &nbsp; &nbsp; &nbsp; Prof. Dr. Olaf Kruse Universit\u00e4t Bielefeld, Wissenschaftlicher Direktor Centrum f\u00fcr Biotechnologie (CeBiTec) &nbsp; &nbsp; &nbsp; Tanja Maa\u00df Gesch\u00e4ftsf\u00fchrende Gesellschafterin Resolto Informatik GmbH, Herford &nbsp; &nbsp; &nbsp; &nbsp; &hellip; Weiterlesen\" \/>\n<meta property=\"og:url\" content=\"https:\/\/blog.ostwestfalen.ihk.de\/nachhaltigkeitspreis\/jury\/\" \/>\n<meta property=\"og:site_name\" content=\"Nachhaltigkeitspreis 2020\" \/>\n<meta property=\"article:modified_time\" content=\"2024-02-28T11:32:13+00:00\" \/>\n<meta property=\"og:image\" content=\"http:\/\/blog.ostwestfalen.ihk.de\/nachhaltigkeitspreis\/wp-content\/uploads\/sites\/6\/2019\/08\/Foto-Bonde_web.jpg.png\" \/>\n<meta name=\"twitter:label1\" content=\"Gesch\u00e4tzte Lesezeit\" \/>\n\t<meta name=\"twitter:data1\" content=\"2\u00a0Minuten\" \/>\n<script type=\"application\/ld+json\" class=\"yoast-schema-graph\">{\"@context\":\"https:\\\/\\\/schema.org\",\"@graph\":[{\"@type\":\"WebPage\",\"@id\":\"https:\\\/\\\/blog.ostwestfalen.ihk.de\\\/nachhaltigkeitspreis\\\/jury\\\/\",\"url\":\"https:\\\/\\\/blog.ostwestfalen.ihk.de\\\/nachhaltigkeitspreis\\\/jury\\\/\",\"name\":\"Jury 2020 - Nachhaltigkeitspreis 2020\",\"isPartOf\":{\"@id\":\"https:\\\/\\\/blog.ostwestfalen.ihk.de\\\/nachhaltigkeitspreis\\\/#website\"},\"primaryImageOfPage\":{\"@id\":\"https:\\\/\\\/blog.ostwestfalen.ihk.de\\\/nachhaltigkeitspreis\\\/jury\\\/#primaryimage\"},\"image\":{\"@id\":\"https:\\\/\\\/blog.ostwestfalen.ihk.de\\\/nachhaltigkeitspreis\\\/jury\\\/#primaryimage\"},\"thumbnailUrl\":\"http:\\\/\\\/blog.ostwestfalen.ihk.de\\\/nachhaltigkeitspreis\\\/wp-content\\\/uploads\\\/sites\\\/6\\\/2019\\\/08\\\/Foto-Bonde_web.jpg.png\",\"datePublished\":\"2015-06-22T10:25:51+00:00\",\"dateModified\":\"2024-02-28T11:32:13+00:00\",\"breadcrumb\":{\"@id\":\"https:\\\/\\\/blog.ostwestfalen.ihk.de\\\/nachhaltigkeitspreis\\\/jury\\\/#breadcrumb\"},\"inLanguage\":\"de\",\"potentialAction\":[{\"@type\":\"ReadAction\",\"target\":[\"https:\\\/\\\/blog.ostwestfalen.ihk.de\\\/nachhaltigkeitspreis\\\/jury\\\/\"]}]},{\"@type\":\"ImageObject\",\"inLanguage\":\"de\",\"@id\":\"https:\\\/\\\/blog.ostwestfalen.ihk.de\\\/nachhaltigkeitspreis\\\/jury\\\/#primaryimage\",\"url\":\"http:\\\/\\\/blog.ostwestfalen.ihk.de\\\/nachhaltigkeitspreis\\\/wp-content\\\/uploads\\\/sites\\\/6\\\/2019\\\/08\\\/Foto-Bonde_web.jpg.png\",\"contentUrl\":\"http:\\\/\\\/blog.ostwestfalen.ihk.de\\\/nachhaltigkeitspreis\\\/wp-content\\\/uploads\\\/sites\\\/6\\\/2019\\\/08\\\/Foto-Bonde_web.jpg.png\"},{\"@type\":\"BreadcrumbList\",\"@id\":\"https:\\\/\\\/blog.ostwestfalen.ihk.de\\\/nachhaltigkeitspreis\\\/jury\\\/#breadcrumb\",\"itemListElement\":[{\"@type\":\"ListItem\",\"position\":1,\"name\":\"Startseite\",\"item\":\"https:\\\/\\\/blog.ostwestfalen.ihk.de\\\/nachhaltigkeitspreis\\\/\"},{\"@type\":\"ListItem\",\"position\":2,\"name\":\"Jury 2020\"}]},{\"@type\":\"WebSite\",\"@id\":\"https:\\\/\\\/blog.ostwestfalen.ihk.de\\\/nachhaltigkeitspreis\\\/#website\",\"url\":\"https:\\\/\\\/blog.ostwestfalen.ihk.de\\\/nachhaltigkeitspreis\\\/\",\"name\":\"Nachhaltigkeitspreis 2020\",\"description\":\"Ausgezeichnet Nachhaltig - 3. Nachhaltigkeitspreis der Umweltstiftung der ostwestf\u00e4lischen Wirtschaft\",\"potentialAction\":[{\"@type\":\"SearchAction\",\"target\":{\"@type\":\"EntryPoint\",\"urlTemplate\":\"https:\\\/\\\/blog.ostwestfalen.ihk.de\\\/nachhaltigkeitspreis\\\/?s={search_term_string}\"},\"query-input\":{\"@type\":\"PropertyValueSpecification\",\"valueRequired\":true,\"valueName\":\"search_term_string\"}}],\"inLanguage\":\"de\"}]}<\/script>\n<!-- \/ Yoast SEO plugin. -->","yoast_head_json":{"title":"Jury 2020 - Nachhaltigkeitspreis 2020","robots":{"index":"index","follow":"follow","max-snippet":"max-snippet:-1","max-image-preview":"max-image-preview:large","max-video-preview":"max-video-preview:-1"},"canonical":"https:\/\/blog.ostwestfalen.ihk.de\/nachhaltigkeitspreis\/jury\/","og_locale":"de_DE","og_type":"article","og_title":"Jury 2020 - Nachhaltigkeitspreis 2020","og_description":"Alexander Bonde Generalsekret\u00e4r Deutsche Bundesstiftung Umwelt, Osnabr\u00fcck (Sprecher der Jury) &nbsp; &nbsp; &nbsp; Prof. Dr. Olaf Kruse Universit\u00e4t Bielefeld, Wissenschaftlicher Direktor Centrum f\u00fcr Biotechnologie (CeBiTec) &nbsp; &nbsp; &nbsp; Tanja Maa\u00df Gesch\u00e4ftsf\u00fchrende Gesellschafterin Resolto Informatik GmbH, Herford &nbsp; &nbsp; &nbsp; &nbsp; &hellip; Weiterlesen","og_url":"https:\/\/blog.ostwestfalen.ihk.de\/nachhaltigkeitspreis\/jury\/","og_site_name":"Nachhaltigkeitspreis 2020","article_modified_time":"2024-02-28T11:32:13+00:00","og_image":[{"url":"http:\/\/blog.ostwestfalen.ihk.de\/nachhaltigkeitspreis\/wp-content\/uploads\/sites\/6\/2019\/08\/Foto-Bonde_web.jpg.png","type":"","width":"","height":""}],"twitter_misc":{"Gesch\u00e4tzte Lesezeit":"2\u00a0Minuten"},"schema":{"@context":"https:\/\/schema.org","@graph":[{"@type":"WebPage","@id":"https:\/\/blog.ostwestfalen.ihk.de\/nachhaltigkeitspreis\/jury\/","url":"https:\/\/blog.ostwestfalen.ihk.de\/nachhaltigkeitspreis\/jury\/","name":"Jury 2020 - Nachhaltigkeitspreis 2020","isPartOf":{"@id":"https:\/\/blog.ostwestfalen.ihk.de\/nachhaltigkeitspreis\/#website"},"primaryImageOfPage":{"@id":"https:\/\/blog.ostwestfalen.ihk.de\/nachhaltigkeitspreis\/jury\/#primaryimage"},"image":{"@id":"https:\/\/blog.ostwestfalen.ihk.de\/nachhaltigkeitspreis\/jury\/#primaryimage"},"thumbnailUrl":"http:\/\/blog.ostwestfalen.ihk.de\/nachhaltigkeitspreis\/wp-content\/uploads\/sites\/6\/2019\/08\/Foto-Bonde_web.jpg.png","datePublished":"2015-06-22T10:25:51+00:00","dateModified":"2024-02-28T11:32:13+00:00","breadcrumb":{"@id":"https:\/\/blog.ostwestfalen.ihk.de\/nachhaltigkeitspreis\/jury\/#breadcrumb"},"inLanguage":"de","potentialAction":[{"@type":"ReadAction","target":["https:\/\/blog.ostwestfalen.ihk.de\/nachhaltigkeitspreis\/jury\/"]}]},{"@type":"ImageObject","inLanguage":"de","@id":"https:\/\/blog.ostwestfalen.ihk.de\/nachhaltigkeitspreis\/jury\/#primaryimage","url":"http:\/\/blog.ostwestfalen.ihk.de\/nachhaltigkeitspreis\/wp-content\/uploads\/sites\/6\/2019\/08\/Foto-Bonde_web.jpg.png","contentUrl":"http:\/\/blog.ostwestfalen.ihk.de\/nachhaltigkeitspreis\/wp-content\/uploads\/sites\/6\/2019\/08\/Foto-Bonde_web.jpg.png"},{"@type":"BreadcrumbList","@id":"https:\/\/blog.ostwestfalen.ihk.de\/nachhaltigkeitspreis\/jury\/#breadcrumb","itemListElement":[{"@type":"ListItem","position":1,"name":"Startseite","item":"https:\/\/blog.ostwestfalen.ihk.de\/nachhaltigkeitspreis\/"},{"@type":"ListItem","position":2,"name":"Jury 2020"}]},{"@type":"WebSite","@id":"https:\/\/blog.ostwestfalen.ihk.de\/nachhaltigkeitspreis\/#website","url":"https:\/\/blog.ostwestfalen.ihk.de\/nachhaltigkeitspreis\/","name":"Nachhaltigkeitspreis 2020","description":"Ausgezeichnet Nachhaltig - 3. Nachhaltigkeitspreis der Umweltstiftung der ostwestf\u00e4lischen Wirtschaft","potentialAction":[{"@type":"SearchAction","target":{"@type":"EntryPoint","urlTemplate":"https:\/\/blog.ostwestfalen.ihk.de\/nachhaltigkeitspreis\/?s={search_term_string}"},"query-input":{"@type":"PropertyValueSpecification","valueRequired":true,"valueName":"search_term_string"}}],"inLanguage":"de"}]}},"_links":{"self":[{"href":"https:\/\/blog.ostwestfalen.ihk.de\/nachhaltigkeitspreis\/wp-json\/wp\/v2\/pages\/63","targetHints":{"allow":["GET"]}}],"collection":[{"href":"https:\/\/blog.ostwestfalen.ihk.de\/nachhaltigkeitspreis\/wp-json\/wp\/v2\/pages"}],"about":[{"href":"https:\/\/blog.ostwestfalen.ihk.de\/nachhaltigkeitspreis\/wp-json\/wp\/v2\/types\/page"}],"author":[{"embeddable":true,"href":"https:\/\/blog.ostwestfalen.ihk.de\/nachhaltigkeitspreis\/wp-json\/wp\/v2\/users\/20"}],"replies":[{"embeddable":true,"href":"https:\/\/blog.ostwestfalen.ihk.de\/nachhaltigkeitspreis\/wp-json\/wp\/v2\/comments?post=63"}],"version-history":[{"count":29,"href":"https:\/\/blog.ostwestfalen.ihk.de\/nachhaltigkeitspreis\/wp-json\/wp\/v2\/pages\/63\/revisions"}],"predecessor-version":[{"id":286,"href":"https:\/\/blog.ostwestfalen.ihk.de\/nachhaltigkeitspreis\/wp-json\/wp\/v2\/pages\/63\/revisions\/286"}],"wp:attachment":[{"href":"https:\/\/blog.ostwestfalen.ihk.de\/nachhaltigkeitspreis\/wp-json\/wp\/v2\/media?parent=63"}],"curies":[{"name":"wp","href":"https:\/\/api.w.org\/{rel}","templated":true}]}}