{"id":5,"date":"2015-06-18T10:02:38","date_gmt":"2015-06-18T08:02:38","guid":{"rendered":"http:\/\/blog.ostwestfalen.ihk.de\/nachhaltigkeitspreis\/?page_id=5"},"modified":"2024-02-28T12:29:09","modified_gmt":"2024-02-28T11:29:09","slug":"ausgezeichnet-nachhaltig","status":"publish","type":"page","link":"https:\/\/blog.ostwestfalen.ihk.de\/nachhaltigkeitspreis\/","title":{"rendered":"Nachhaltigkeitspreis 2020 der Umweltstiftung"},"content":{"rendered":"\t\t<div data-elementor-type=\"wp-page\" data-elementor-id=\"5\" class=\"elementor elementor-5\" data-elementor-post-type=\"page\">\n\t\t\t\t\t\t<section class=\"elementor-section elementor-top-section elementor-element elementor-element-a011b50 elementor-section-boxed elementor-section-height-default elementor-section-height-default\" data-id=\"a011b50\" data-element_type=\"section\" data-e-type=\"section\">\n\t\t\t\t\t\t<div class=\"elementor-container elementor-column-gap-default\">\n\t\t\t\t\t<div class=\"elementor-column elementor-col-66 elementor-top-column elementor-element elementor-element-e3a134b\" data-id=\"e3a134b\" data-element_type=\"column\" data-e-type=\"column\">\n\t\t\t<div class=\"elementor-widget-wrap elementor-element-populated\">\n\t\t\t\t\t\t<div class=\"elementor-element elementor-element-4e85f690 elementor-widget elementor-widget-text-editor\" data-id=\"4e85f690\" data-element_type=\"widget\" data-e-type=\"widget\" data-widget_type=\"text-editor.default\">\n\t\t\t\t<div class=\"elementor-widget-container\">\n\t\t\t\t\t\t\t\t\t<h3 style=\"text-align: left\">Depenbrock in Stemwede, Holzmanufaktur Harsewinkel und ZF Bielefeld ausgezeichnet<\/h3>\r\n<div class=\"row\">\r\n<div class=\"col-sm-8\">\r\n<div class=\"event-detail-value event-description\">\r\n<div class=\"news-text-wrap\">\r\n\r\nDie Preistr\u00e4ger des Nachhaltigkeitspreises 2020 sind die <strong>Depenbrock Bau GmbH &amp; Co. KG aus Stemwede<\/strong>, die H<strong>olzmanufaktur Harsewinkel e. V.<\/strong> und die <strong>ZF Friedrichshafen AG, Werk Bielefeld<\/strong>. Den Preis vergibt die Umweltstiftung der ostwestf\u00e4lischen Wirtschaft nach 2014 und 2016 zum dritten Mal anl\u00e4sslich ihres 25-j\u00e4hrigen Jubil\u00e4ums. Eine achtk\u00f6pfige Jury unter Vorsitz von Alexander Bonde, Generalsekret\u00e4r der Deutschen Bundesstiftung Umwelt (DBU), bewertete das \u201ePartnerschaftliche Projekt Gr\u00fcner Standort\u201c des Bauunternehmens Depenbrock, die umfang-reichen Nachhaltigkeitsma\u00dfnahmen der Holzmanufaktur Harsewinkel und die \u201eAufarbeitung einer pneumatischen Kupplungsbet\u00e4tigung&#8220; der ZF Friedrichshafen AG, Werk Bielefeld, gleich-rangig und entschied, den mit insgesamt 12.000 Euro dotierten Preis zu drei gleichen Teilen an Depenbrock, die Holzmanufaktur Harsewinkel und ZF Bielefeld zu vergeben.\r\n\r\n\u201eUm die Internationalen Klimaschutzziele zu erreichen, ben\u00f6tigen wir Know-How und Inno-vationskraft. Notwendig ist zugleich aber aktives Handeln. Hier spielt die mittelst\u00e4ndische Wirtschaft eine wichtige Rolle. Beeindruckt hat die Jury, dass sich in der ostwestf\u00e4lischen Wirtschaft schon sehr viel im Bereich Nachhaltigkeit tut. Die Preistr\u00e4ger haben Vorbildfunktion und konnten uns trotz der starken Konkurrenz \u00fcberzeugen&#8220;, betonte Bonde bei der heutigen (11. September 2020) Preisverleihung in der IHK Ostwestfalen.\r\n\r\n\u201eIch freue mich, dass wir drei Preistr\u00e4ger mit jeweils sehr hochwertigen und gleichzeitig v\u00f6llig unterschiedlichen Projektinhalten auszeichnen k\u00f6nnen. Das verdeutlicht das gro\u00dfe Potenzial, das in der ostwestf\u00e4lischen Wirtschaft zum Thema Umweltschutz und Nachhaltigkeit vorhanden ist&#8220;, belobigte Bodo Cordes, Vorstandsvorsitzender der Umweltstiftung der ostwestf\u00e4lischen Wirtschaft, die Gewinner des diesj\u00e4hrigen Wettbewerbs.\r\n<h3>Depenbrock Bau GmbH &amp; Co. KG<\/h3>\r\nDie Depenbrock Bau GmbH &amp; Co. KG in Stemwede nutzt Geothermie in Verbindung mit Photovoltaik und setzt Batterie- und Eisspeicher ein. Damit habe sie sich nach Ansicht der Jury sehr erfolgreich auf den Weg zu einem nahezu CO<sub>2<\/sub>-neutralen Unternehmensstandort gemacht und Vorbildfunktion f\u00fcr die Baubranche \u00fcbernommen. Nach eigenen Angaben werden am Firmensitz Stemwede j\u00e4hrlich 310 Tonnen CO<sub>2<\/sub> eingespart. \u00a0Dar\u00fcber hinaus hat Depenbrock ein energieautarkes Bienenhaus in Kooperation mit seiner Partnerschule (Stemweder-Berg-Schule) entwickelt und realisiert. F\u00fcr die Jury sei auch wichtig gewesen, dass das Unternehmen auf dem Weg zur Klimaneutralit\u00e4t die Kooperation mit der Technischen Hochschule K\u00f6ln und der Fachhochschule M\u00fcnster (Campus Steinfurt) sucht und dabei Studentinnen und Studenten praxisnah in energietechnische Sachverhalte einbezieht, etwa im Rahmen von Masterarbeiten und Vortragsreihen. \u201eWir sind sehr gl\u00fccklich \u00fcber diesen Preis, denn er honoriert, dass wir dem Energiesparen und damit verbundenen Umweltschutz in unserem Unternehmen einen sehr hohen Stellenwert beimessen\u201c, betonte Karl-Heinrich Depenbrock, Gesch\u00e4ftsf\u00fchrer der Depen-brock Bau GmbH &amp; Co. KG, bei der Preisverleihung.\r\n\r\n<a href=\"https:\/\/blog.ostwestfalen.ihk.de\/nachhaltigkeitspreis\/wp-content\/uploads\/sites\/6\/2020\/09\/Depenbrock-Bau_Nachhaltigkeispreis-scaled.jpg\"><img fetchpriority=\"high\" decoding=\"async\" class=\"aligncenter wp-image-257 size-large\" src=\"https:\/\/blog.ostwestfalen.ihk.de\/nachhaltigkeitspreis\/wp-content\/uploads\/sites\/6\/2020\/09\/Depenbrock-Bau_Nachhaltigkeispreis-1024x683.jpg\" alt=\"\" width=\"640\" height=\"427\" srcset=\"https:\/\/blog.ostwestfalen.ihk.de\/nachhaltigkeitspreis\/wp-content\/uploads\/sites\/6\/2020\/09\/Depenbrock-Bau_Nachhaltigkeispreis-1024x683.jpg 1024w, https:\/\/blog.ostwestfalen.ihk.de\/nachhaltigkeitspreis\/wp-content\/uploads\/sites\/6\/2020\/09\/Depenbrock-Bau_Nachhaltigkeispreis-300x200.jpg 300w, https:\/\/blog.ostwestfalen.ihk.de\/nachhaltigkeitspreis\/wp-content\/uploads\/sites\/6\/2020\/09\/Depenbrock-Bau_Nachhaltigkeispreis-768x512.jpg 768w, https:\/\/blog.ostwestfalen.ihk.de\/nachhaltigkeitspreis\/wp-content\/uploads\/sites\/6\/2020\/09\/Depenbrock-Bau_Nachhaltigkeispreis-1536x1024.jpg 1536w\" sizes=\"(max-width: 640px) 100vw, 640px\" \/><\/a>\r\n<h3>Holzmanufaktur Harsewinkel e. V.<\/h3>\r\nDie Holzmanufaktur Harsewinkel e. V. vermittelt als externer Lernstandort in den Geb\u00e4uden der St\u00e4dtischen Gesamtschule Harsewinkel Sch\u00fclerinnen und Sch\u00fclern von der Primarstufe bis zur Sekundarstufe II handwerkliche und technische T\u00e4tigkeiten rund um den Werkstoff Holz. Alle Werkst\u00fccke werden aus Restmaterialien angefertigt, die zahlreiche holzbearbeitende Unternehmen aus der Region zur Verf\u00fcgung stellen. Dieses Material kann somit weiter stofflich genutzt werden. Der sogenannte \u201eBaum-Euro\u201c, der von allen Besuchern der Werkstatt pro Teilnahme entrichtet wird, dient in r\u00e4umlicher N\u00e4he zur Schule der Pflanzung neuer B\u00e4ume. Die Kinder und Jugendlichen erfahren dadurch, dass im Sinne umweltverantwortlichen Handelns die Entnahme nachwachsender Rohstoffe immer wieder ausgeglichen werden muss. Die im Rahmen dieses Projektes vorbildliche Verkn\u00fcpfung zwischen Umweltschutz und Berufsorientierung, an dem sich derzeit vierzehn regionale Unternehmen beteiligen, hat die Jury besonders beeindruckt. \u201eEs freut uns enorm, dass gerade unsere herausgestellte Verbindung von Naturschutz mit beruflicher Orientierung die Jury \u00fcberzeugt hat\u201c, unterstrich Dr. Wolfgang Strotmann, Vorstand der Holzmanufaktur Harsewinkel e. V. \u201eGerade diese Verkn\u00fcpfung liegt unserem Verein am Herzen.\u201c\r\n\r\n<a href=\"https:\/\/blog.ostwestfalen.ihk.de\/nachhaltigkeitspreis\/wp-content\/uploads\/sites\/6\/2020\/09\/Holzmanufaktur_Nachhaltigkeitspreis-scaled.jpg\"><img decoding=\"async\" class=\"aligncenter wp-image-258 size-large\" src=\"https:\/\/blog.ostwestfalen.ihk.de\/nachhaltigkeitspreis\/wp-content\/uploads\/sites\/6\/2020\/09\/Holzmanufaktur_Nachhaltigkeitspreis-1024x683.jpg\" alt=\"\" width=\"640\" height=\"427\" srcset=\"https:\/\/blog.ostwestfalen.ihk.de\/nachhaltigkeitspreis\/wp-content\/uploads\/sites\/6\/2020\/09\/Holzmanufaktur_Nachhaltigkeitspreis-1024x683.jpg 1024w, https:\/\/blog.ostwestfalen.ihk.de\/nachhaltigkeitspreis\/wp-content\/uploads\/sites\/6\/2020\/09\/Holzmanufaktur_Nachhaltigkeitspreis-300x200.jpg 300w, https:\/\/blog.ostwestfalen.ihk.de\/nachhaltigkeitspreis\/wp-content\/uploads\/sites\/6\/2020\/09\/Holzmanufaktur_Nachhaltigkeitspreis-768x512.jpg 768w, https:\/\/blog.ostwestfalen.ihk.de\/nachhaltigkeitspreis\/wp-content\/uploads\/sites\/6\/2020\/09\/Holzmanufaktur_Nachhaltigkeitspreis-1536x1024.jpg 1536w\" sizes=\"(max-width: 640px) 100vw, 640px\" \/><\/a>\r\n<h3>ZF Friedrichshafen AG<\/h3>\r\nAm Standort Bielefeld der ZF Friedrichshafen AG werden seit vielen Jahren Kupplungs-komponenten im Sinne der Kreislaufwirtschaft aufgearbeitet. Diese Form des Wirtschaftens orientiert sich am sogenannten \u201eCradle to Cradle-Prinzip\u201c (C2C), einem Ansatz f\u00fcr eine durchg\u00e4ngige und konsequente Kreislaufwirtschaft. Die Jury hat den aktuellen Projektansatz, eine pneumatische Kupplungsbet\u00e4tigung mit dem Namen \u201eConAct\u201c gew\u00fcrdigt, bei der neben unterschiedlichen mechanischen erstmals auch elektronische Komponenten f\u00fcr den Wiedereinsatz in der Produktion aufbereitet und zertifiziert werden. In Zeiten immer knapper werdender Rohstoffe ist eine konsequente Kreislauff\u00fchrung aus Jurysicht sehr sinnvoll. Das entlaste die nat\u00fcrlich vorkommenden Ressourcen, schone Entsorgungskapazit\u00e4ten, spare CO<sub>2<\/sub> und nutze somit dem Klima, urteilt die Jury. \u201eDas Schonen von Ressourcen war uns schon immer sehr wichtig. Durch die damit zusammenh\u00e4ngenden CO<sub>2<\/sub>-Einsparungen ist ihr Stellenwert im Lichte der aktuellen Klimaschutzdiskussionen nochmals deutlich gestiegen. Dass wir daf\u00fcr einen Preis erhalten, macht uns nicht nur stolz, sondern zeigt uns auch, dass wir auf dem richtigen Weg sind\u201c, hob J\u00f6rg Witth\u00f6ft, Leiter des Standortes Bielefeld der ZF Friedrichshafen AG, bei der \u00dcbergabe des Nachhaltigkeitspreises hervor.\r\n\r\n<a href=\"https:\/\/blog.ostwestfalen.ihk.de\/nachhaltigkeitspreis\/wp-content\/uploads\/sites\/6\/2020\/09\/ZF-Friedrichshafen_Nachhaltigkeitspreis-scaled.jpg\"><img decoding=\"async\" class=\"aligncenter wp-image-259 size-large\" src=\"https:\/\/blog.ostwestfalen.ihk.de\/nachhaltigkeitspreis\/wp-content\/uploads\/sites\/6\/2020\/09\/ZF-Friedrichshafen_Nachhaltigkeitspreis-1024x683.jpg\" alt=\"\" width=\"640\" height=\"427\" srcset=\"https:\/\/blog.ostwestfalen.ihk.de\/nachhaltigkeitspreis\/wp-content\/uploads\/sites\/6\/2020\/09\/ZF-Friedrichshafen_Nachhaltigkeitspreis-1024x683.jpg 1024w, https:\/\/blog.ostwestfalen.ihk.de\/nachhaltigkeitspreis\/wp-content\/uploads\/sites\/6\/2020\/09\/ZF-Friedrichshafen_Nachhaltigkeitspreis-300x200.jpg 300w, https:\/\/blog.ostwestfalen.ihk.de\/nachhaltigkeitspreis\/wp-content\/uploads\/sites\/6\/2020\/09\/ZF-Friedrichshafen_Nachhaltigkeitspreis-768x512.jpg 768w, https:\/\/blog.ostwestfalen.ihk.de\/nachhaltigkeitspreis\/wp-content\/uploads\/sites\/6\/2020\/09\/ZF-Friedrichshafen_Nachhaltigkeitspreis-1536x1024.jpg 1536w\" sizes=\"(max-width: 640px) 100vw, 640px\" \/><\/a>\r\n<h3>Jury w\u00e4hlt aus 30 Teilnehmern<\/h3>\r\nInsgesamt bewarben sich 30 Teilnehmer mit ihren Projekten um den diesj\u00e4hrigen Nachhaltigkeitspreis, den die von der Industrie- und Handelskammer Ostwestfalen zu Bielefeld gemanagte Umweltstiftung vergibt. An der Ausschreibung konnten sich Akteure aus Wirtschaft und Wissenschaft, Bildungstr\u00e4ger, weiterf\u00fchrende Schulen und sonstige Interessenten, wie Initiativen oder Vereine beteiligen. Der thematische Schwerpunkt musste im Bereich des Umweltschutzes liegen und einen Bezug zur Wirtschaft und zur Region Ostwestfalen haben. Es konnte sich sowohl um abgeschlossene Projekte aus den Jahren 2018 oder 2019 als auch um aktuell laufende Ma\u00dfnahmen handeln.\r\n\r\n<\/div>\r\n<\/div>\r\n<\/div>\r\n<\/div>\t\t\t\t\t\t\t\t<\/div>\n\t\t\t\t<\/div>\n\t\t\t\t\t<\/div>\n\t\t<\/div>\n\t\t\t\t<div class=\"elementor-column elementor-col-33 elementor-top-column elementor-element elementor-element-561a3a9\" data-id=\"561a3a9\" data-element_type=\"column\" data-e-type=\"column\">\n\t\t\t<div class=\"elementor-widget-wrap elementor-element-populated\">\n\t\t\t\t\t\t<div class=\"elementor-element elementor-element-0cd87ff elementor-widget elementor-widget-text-editor\" data-id=\"0cd87ff\" data-element_type=\"widget\" data-e-type=\"widget\" data-widget_type=\"text-editor.default\">\n\t\t\t\t<div class=\"elementor-widget-container\">\n\t\t\t\t\t\t\t\t\t<h3>KONTAKT<\/h3>\n<p><strong>Ulrich Tepper<\/strong><\/p>\n<p>Gesch\u00e4ftsf\u00fchrer&nbsp;<br><span style=\"color: var( --e-global-color-text );font-family: var( --e-global-typography-text-font-family ), Sans-serif;font-weight: var( --e-global-typography-text-font-weight )\">Umweltstiftung der ostwestf\u00e4lischen Wirtschaft<\/span><\/p>\n<ul class=\"list-unstyled\">\n<li>E-Mail: <a href=\"https:\/\/www.ostwestfalen.ihk.de\/#\" data-mailto-token=\"rfnqyt\/z3yjuujwEtxybjxykfqjs3nmp3ij\" data-mailto-vector=\"5\">u.tepper@ostwestfalen.ihk.de<\/a><\/li>\n<li>Telefon:&nbsp;<a href=\"tel:0521554-107\">0521 554-107<\/a><\/li>\n<li>Fax: 0521 554-5107<\/li>\n<\/ul>\t\t\t\t\t\t\t\t<\/div>\n\t\t\t\t<\/div>\n\t\t\t\t\t<\/div>\n\t\t<\/div>\n\t\t\t\t\t<\/div>\n\t\t<\/section>\n\t\t\t\t<section class=\"elementor-section elementor-top-section elementor-element elementor-element-5bd34db9 elementor-section-boxed elementor-section-height-default elementor-section-height-default\" data-id=\"5bd34db9\" data-element_type=\"section\" data-e-type=\"section\">\n\t\t\t\t\t\t<div class=\"elementor-container elementor-column-gap-default\">\n\t\t\t\t\t<div class=\"elementor-column elementor-col-100 elementor-top-column elementor-element elementor-element-377442c2\" data-id=\"377442c2\" data-element_type=\"column\" data-e-type=\"column\">\n\t\t\t<div class=\"elementor-widget-wrap\">\n\t\t\t\t\t\t\t<\/div>\n\t\t<\/div>\n\t\t\t\t\t<\/div>\n\t\t<\/section>\n\t\t\t\t<\/div>\n\t\t","protected":false},"excerpt":{"rendered":"<p>Depenbrock in Stemwede, Holzmanufaktur Harsewinkel und ZF Bielefeld ausgezeichnet Die Preistr\u00e4ger des Nachhaltigkeitspreises 2020 sind die Depenbrock Bau GmbH &amp; Co. KG aus Stemwede, die Holzmanufaktur Harsewinkel e. V. und die ZF Friedrichshafen AG, Werk Bielefeld. Den Preis vergibt die &hellip; <a href=\"https:\/\/blog.ostwestfalen.ihk.de\/nachhaltigkeitspreis\/\">Weiterlesen<\/a><\/p>\n","protected":false},"author":20,"featured_media":0,"parent":0,"menu_order":0,"comment_status":"closed","ping_status":"closed","template":"","meta":{"footnotes":""},"class_list":["post-5","page","type-page","status-publish","hentry"],"yoast_head":"<!-- This site is optimized with the Yoast SEO plugin v27.5 - https:\/\/yoast.com\/product\/yoast-seo-wordpress\/ -->\n<title>Nachhaltigkeitspreis 2020 der Umweltstiftung - Nachhaltigkeitspreis 2020<\/title>\n<meta name=\"robots\" content=\"index, follow, max-snippet:-1, max-image-preview:large, max-video-preview:-1\" \/>\n<link rel=\"canonical\" href=\"https:\/\/blog.ostwestfalen.ihk.de\/nachhaltigkeitspreis\/\" \/>\n<meta property=\"og:locale\" content=\"de_DE\" \/>\n<meta property=\"og:type\" content=\"article\" \/>\n<meta property=\"og:title\" content=\"Nachhaltigkeitspreis 2020 der Umweltstiftung - Nachhaltigkeitspreis 2020\" \/>\n<meta property=\"og:description\" content=\"Depenbrock in Stemwede, Holzmanufaktur Harsewinkel und ZF Bielefeld ausgezeichnet Die Preistr\u00e4ger des Nachhaltigkeitspreises 2020 sind die Depenbrock Bau GmbH &amp; Co. KG aus Stemwede, die Holzmanufaktur Harsewinkel e. V. und die ZF Friedrichshafen AG, Werk Bielefeld. Den Preis vergibt die &hellip; Weiterlesen\" \/>\n<meta property=\"og:url\" content=\"https:\/\/blog.ostwestfalen.ihk.de\/nachhaltigkeitspreis\/\" \/>\n<meta property=\"og:site_name\" content=\"Nachhaltigkeitspreis 2020\" \/>\n<meta property=\"article:modified_time\" content=\"2024-02-28T11:29:09+00:00\" \/>\n<meta property=\"og:image\" content=\"https:\/\/blog.ostwestfalen.ihk.de\/nachhaltigkeitspreis\/wp-content\/uploads\/sites\/6\/2020\/09\/Depenbrock-Bau_Nachhaltigkeispreis-1024x683.jpg\" \/>\n<meta name=\"twitter:label1\" content=\"Gesch\u00e4tzte Lesezeit\" \/>\n\t<meta name=\"twitter:data1\" content=\"6\u00a0Minuten\" \/>\n<script type=\"application\/ld+json\" class=\"yoast-schema-graph\">{\"@context\":\"https:\\\/\\\/schema.org\",\"@graph\":[{\"@type\":\"WebPage\",\"@id\":\"https:\\\/\\\/blog.ostwestfalen.ihk.de\\\/nachhaltigkeitspreis\\\/\",\"url\":\"https:\\\/\\\/blog.ostwestfalen.ihk.de\\\/nachhaltigkeitspreis\\\/\",\"name\":\"Nachhaltigkeitspreis 2020 der Umweltstiftung - Nachhaltigkeitspreis 2020\",\"isPartOf\":{\"@id\":\"https:\\\/\\\/blog.ostwestfalen.ihk.de\\\/nachhaltigkeitspreis\\\/#website\"},\"primaryImageOfPage\":{\"@id\":\"https:\\\/\\\/blog.ostwestfalen.ihk.de\\\/nachhaltigkeitspreis\\\/#primaryimage\"},\"image\":{\"@id\":\"https:\\\/\\\/blog.ostwestfalen.ihk.de\\\/nachhaltigkeitspreis\\\/#primaryimage\"},\"thumbnailUrl\":\"https:\\\/\\\/blog.ostwestfalen.ihk.de\\\/nachhaltigkeitspreis\\\/wp-content\\\/uploads\\\/sites\\\/6\\\/2020\\\/09\\\/Depenbrock-Bau_Nachhaltigkeispreis-1024x683.jpg\",\"datePublished\":\"2015-06-18T08:02:38+00:00\",\"dateModified\":\"2024-02-28T11:29:09+00:00\",\"breadcrumb\":{\"@id\":\"https:\\\/\\\/blog.ostwestfalen.ihk.de\\\/nachhaltigkeitspreis\\\/#breadcrumb\"},\"inLanguage\":\"de\",\"potentialAction\":[{\"@type\":\"ReadAction\",\"target\":[\"https:\\\/\\\/blog.ostwestfalen.ihk.de\\\/nachhaltigkeitspreis\\\/\"]}]},{\"@type\":\"ImageObject\",\"inLanguage\":\"de\",\"@id\":\"https:\\\/\\\/blog.ostwestfalen.ihk.de\\\/nachhaltigkeitspreis\\\/#primaryimage\",\"url\":\"https:\\\/\\\/blog.ostwestfalen.ihk.de\\\/nachhaltigkeitspreis\\\/wp-content\\\/uploads\\\/sites\\\/6\\\/2020\\\/09\\\/Depenbrock-Bau_Nachhaltigkeispreis-scaled.jpg\",\"contentUrl\":\"https:\\\/\\\/blog.ostwestfalen.ihk.de\\\/nachhaltigkeitspreis\\\/wp-content\\\/uploads\\\/sites\\\/6\\\/2020\\\/09\\\/Depenbrock-Bau_Nachhaltigkeispreis-scaled.jpg\",\"width\":2560,\"height\":1707},{\"@type\":\"BreadcrumbList\",\"@id\":\"https:\\\/\\\/blog.ostwestfalen.ihk.de\\\/nachhaltigkeitspreis\\\/#breadcrumb\",\"itemListElement\":[{\"@type\":\"ListItem\",\"position\":1,\"name\":\"Startseite\",\"item\":\"https:\\\/\\\/blog.ostwestfalen.ihk.de\\\/nachhaltigkeitspreis\\\/\"},{\"@type\":\"ListItem\",\"position\":2,\"name\":\"Nachhaltigkeitspreis 2020 der Umweltstiftung\"}]},{\"@type\":\"WebSite\",\"@id\":\"https:\\\/\\\/blog.ostwestfalen.ihk.de\\\/nachhaltigkeitspreis\\\/#website\",\"url\":\"https:\\\/\\\/blog.ostwestfalen.ihk.de\\\/nachhaltigkeitspreis\\\/\",\"name\":\"Nachhaltigkeitspreis 2020\",\"description\":\"Ausgezeichnet Nachhaltig - 3. Nachhaltigkeitspreis der Umweltstiftung der ostwestf\u00e4lischen Wirtschaft\",\"potentialAction\":[{\"@type\":\"SearchAction\",\"target\":{\"@type\":\"EntryPoint\",\"urlTemplate\":\"https:\\\/\\\/blog.ostwestfalen.ihk.de\\\/nachhaltigkeitspreis\\\/?s={search_term_string}\"},\"query-input\":{\"@type\":\"PropertyValueSpecification\",\"valueRequired\":true,\"valueName\":\"search_term_string\"}}],\"inLanguage\":\"de\"}]}<\/script>\n<!-- \/ Yoast SEO plugin. -->","yoast_head_json":{"title":"Nachhaltigkeitspreis 2020 der Umweltstiftung - Nachhaltigkeitspreis 2020","robots":{"index":"index","follow":"follow","max-snippet":"max-snippet:-1","max-image-preview":"max-image-preview:large","max-video-preview":"max-video-preview:-1"},"canonical":"https:\/\/blog.ostwestfalen.ihk.de\/nachhaltigkeitspreis\/","og_locale":"de_DE","og_type":"article","og_title":"Nachhaltigkeitspreis 2020 der Umweltstiftung - Nachhaltigkeitspreis 2020","og_description":"Depenbrock in Stemwede, Holzmanufaktur Harsewinkel und ZF Bielefeld ausgezeichnet Die Preistr\u00e4ger des Nachhaltigkeitspreises 2020 sind die Depenbrock Bau GmbH &amp; Co. KG aus Stemwede, die Holzmanufaktur Harsewinkel e. V. und die ZF Friedrichshafen AG, Werk Bielefeld. Den Preis vergibt die &hellip; Weiterlesen","og_url":"https:\/\/blog.ostwestfalen.ihk.de\/nachhaltigkeitspreis\/","og_site_name":"Nachhaltigkeitspreis 2020","article_modified_time":"2024-02-28T11:29:09+00:00","og_image":[{"url":"https:\/\/blog.ostwestfalen.ihk.de\/nachhaltigkeitspreis\/wp-content\/uploads\/sites\/6\/2020\/09\/Depenbrock-Bau_Nachhaltigkeispreis-1024x683.jpg","type":"","width":"","height":""}],"twitter_misc":{"Gesch\u00e4tzte Lesezeit":"6\u00a0Minuten"},"schema":{"@context":"https:\/\/schema.org","@graph":[{"@type":"WebPage","@id":"https:\/\/blog.ostwestfalen.ihk.de\/nachhaltigkeitspreis\/","url":"https:\/\/blog.ostwestfalen.ihk.de\/nachhaltigkeitspreis\/","name":"Nachhaltigkeitspreis 2020 der Umweltstiftung - Nachhaltigkeitspreis 2020","isPartOf":{"@id":"https:\/\/blog.ostwestfalen.ihk.de\/nachhaltigkeitspreis\/#website"},"primaryImageOfPage":{"@id":"https:\/\/blog.ostwestfalen.ihk.de\/nachhaltigkeitspreis\/#primaryimage"},"image":{"@id":"https:\/\/blog.ostwestfalen.ihk.de\/nachhaltigkeitspreis\/#primaryimage"},"thumbnailUrl":"https:\/\/blog.ostwestfalen.ihk.de\/nachhaltigkeitspreis\/wp-content\/uploads\/sites\/6\/2020\/09\/Depenbrock-Bau_Nachhaltigkeispreis-1024x683.jpg","datePublished":"2015-06-18T08:02:38+00:00","dateModified":"2024-02-28T11:29:09+00:00","breadcrumb":{"@id":"https:\/\/blog.ostwestfalen.ihk.de\/nachhaltigkeitspreis\/#breadcrumb"},"inLanguage":"de","potentialAction":[{"@type":"ReadAction","target":["https:\/\/blog.ostwestfalen.ihk.de\/nachhaltigkeitspreis\/"]}]},{"@type":"ImageObject","inLanguage":"de","@id":"https:\/\/blog.ostwestfalen.ihk.de\/nachhaltigkeitspreis\/#primaryimage","url":"https:\/\/blog.ostwestfalen.ihk.de\/nachhaltigkeitspreis\/wp-content\/uploads\/sites\/6\/2020\/09\/Depenbrock-Bau_Nachhaltigkeispreis-scaled.jpg","contentUrl":"https:\/\/blog.ostwestfalen.ihk.de\/nachhaltigkeitspreis\/wp-content\/uploads\/sites\/6\/2020\/09\/Depenbrock-Bau_Nachhaltigkeispreis-scaled.jpg","width":2560,"height":1707},{"@type":"BreadcrumbList","@id":"https:\/\/blog.ostwestfalen.ihk.de\/nachhaltigkeitspreis\/#breadcrumb","itemListElement":[{"@type":"ListItem","position":1,"name":"Startseite","item":"https:\/\/blog.ostwestfalen.ihk.de\/nachhaltigkeitspreis\/"},{"@type":"ListItem","position":2,"name":"Nachhaltigkeitspreis 2020 der Umweltstiftung"}]},{"@type":"WebSite","@id":"https:\/\/blog.ostwestfalen.ihk.de\/nachhaltigkeitspreis\/#website","url":"https:\/\/blog.ostwestfalen.ihk.de\/nachhaltigkeitspreis\/","name":"Nachhaltigkeitspreis 2020","description":"Ausgezeichnet Nachhaltig - 3. Nachhaltigkeitspreis der Umweltstiftung der ostwestf\u00e4lischen Wirtschaft","potentialAction":[{"@type":"SearchAction","target":{"@type":"EntryPoint","urlTemplate":"https:\/\/blog.ostwestfalen.ihk.de\/nachhaltigkeitspreis\/?s={search_term_string}"},"query-input":{"@type":"PropertyValueSpecification","valueRequired":true,"valueName":"search_term_string"}}],"inLanguage":"de"}]}},"_links":{"self":[{"href":"https:\/\/blog.ostwestfalen.ihk.de\/nachhaltigkeitspreis\/wp-json\/wp\/v2\/pages\/5","targetHints":{"allow":["GET"]}}],"collection":[{"href":"https:\/\/blog.ostwestfalen.ihk.de\/nachhaltigkeitspreis\/wp-json\/wp\/v2\/pages"}],"about":[{"href":"https:\/\/blog.ostwestfalen.ihk.de\/nachhaltigkeitspreis\/wp-json\/wp\/v2\/types\/page"}],"author":[{"embeddable":true,"href":"https:\/\/blog.ostwestfalen.ihk.de\/nachhaltigkeitspreis\/wp-json\/wp\/v2\/users\/20"}],"replies":[{"embeddable":true,"href":"https:\/\/blog.ostwestfalen.ihk.de\/nachhaltigkeitspreis\/wp-json\/wp\/v2\/comments?post=5"}],"version-history":[{"count":69,"href":"https:\/\/blog.ostwestfalen.ihk.de\/nachhaltigkeitspreis\/wp-json\/wp\/v2\/pages\/5\/revisions"}],"predecessor-version":[{"id":281,"href":"https:\/\/blog.ostwestfalen.ihk.de\/nachhaltigkeitspreis\/wp-json\/wp\/v2\/pages\/5\/revisions\/281"}],"wp:attachment":[{"href":"https:\/\/blog.ostwestfalen.ihk.de\/nachhaltigkeitspreis\/wp-json\/wp\/v2\/media?parent=5"}],"curies":[{"name":"wp","href":"https:\/\/api.w.org\/{rel}","templated":true}]}}