{"id":59,"date":"2015-11-09T11:00:34","date_gmt":"2015-11-09T10:00:34","guid":{"rendered":"http:\/\/blog.ostwestfalen.ihk.de\/innovation\/?page_id=59"},"modified":"2015-12-01T14:08:13","modified_gmt":"2015-12-01T13:08:13","slug":"owl-checks","status":"publish","type":"page","link":"https:\/\/blog.ostwestfalen.ihk.de\/innovation\/owl-checks\/","title":{"rendered":"OWL-Checks"},"content":{"rendered":"<h3>IT-Check | OWL<\/h3>\n<p>Die EDV-Umgebung und Informationsverarbeitung sind in Unternehmen entscheidende Wettbewerbsfaktoren. Vor allem kleinere und mittlere Unternehmen m\u00fcssen sich gegen Bedrohungsszenarien wie Datenverlust und Virenbefall sch\u00fctzen und daf\u00fcr sorgen, dass die IT-gest\u00fctzten Gesch\u00e4ftsprozesse sicher laufen. Das bedeutet: Vorhandene IT-Strukturen m\u00fcssen gepr\u00fcft und gegebenenfalls optimiert werden. Die damit verbundenen Aufw\u00e4nde k\u00f6nnen kleine und mittlere Unternehmen oftmals nicht leisten. Hier setzt der IT-Check OWL an.<\/p>\n<p>Der IT-Check OWL ist ein kostenfreies Angebot der IHKs Lippe und Ostwestfalen in Kooperation mit dem eBusiness-Lotsen OWL und regionalen IT-Dienstleistern.<\/p>\n<p>Es werden folgende Themengebiete gepr\u00fcft und deren Reifegrad bestimmt:<\/p>\n<ul>\n<li>\u00dcbergreifende Aspekte (z. Bsp. IT-Organisation, Personal, Notfallvorsorge, Datensicherung, Datenschutz, Virenschutz, Hard- und Softwaremanagement etc.)<\/li>\n<li>Infrastruktur (Geb\u00e4ude, Verkabelung, R\u00e4umlichkeiten, h\u00e4usliche Arbeitspl\u00e4tze etc.)<\/li>\n<li>IT-Systeme (Windows-Server, Laptops, Netzwerkkomponenten, Fax, mobile Ger\u00e4te etc.)<\/li>\n<li>Netze (WLAN, VPN)<\/li>\n<li>Anwendungen (eMail, Webserver, Datenbanken, Active Directory etc.)<\/li>\n<\/ul>\n<p>IHKs Lippe und Ostwestfalen in Kooperation mit dem eBusiness-Lotsen OWL und regionalen IT-Dienstleistern. Angelehnt an den Grundschutz des Bundesamtes f\u00fcr Sicherheit in der Informationstechnik (BSI) liefert der IT-Check OWL einen ersten \u00dcberblick \u00fcber die aktuelle IT-Sicherheit im Unternehmen.<\/p>\n<h3>Controlling-Check | OWL<\/h3>\n<p>er Controlling-Check OWL ist ein kostenfreies Angebot der IHK Ostwestfalen in Kooperation mit verschiedenen Hochschulen aus der Region. In Workshops mit den verantwortlichen Mitarbeitern werden verschiedene Bereiche des Controllings, bspw. die Kostenrechnung oder das Berichtwesen analysiert und bewertet. Daraus wird zun\u00e4chst eine Einsch\u00e4tzung abgeleitet, wie sich das Unternehmen im Vergleich zum Best Practice darstellt. Konkrete Handlungsempfehlungen zur Verbesserung der eigenen Unternehmenssteuerung werden aus den ermittelten Potentialen erarbeitet.<\/p>\n<p><b>Zielgruppe<br \/>\n<\/b>Zielgruppe sind Gesch\u00e4ftsf\u00fchrer, kaufm\u00e4nnische Leiter und Gesellschafter von kleinen und mittleren Unternehmen ab ca. 30 Mitarbeitern. Eine Controlling-Abteilung ist f\u00fcr die Durchf\u00fchrung nicht erforderlich.<\/p>\n<p><b>Ablauf<br \/>\n<\/b>Bewertet wird zun\u00e4chst der Ist-Zustand der Methoden, Berichte, Prozesse oder Instrumente. Dies erfolgt entweder f\u00fcr einzelne oder f\u00fcr alle erfolgsrelevanten Bereiche. Aus dem Vergleich mit einem unternehmensindividuellen Zielzustand werden mit wenig Aufwand die kritischen Potentiale ermittelt. Ein Ma\u00dfnahmenplan mit konkreten Handlungsempfehlungen erm\u00f6glicht eine unmittelbare Umsetzung mit entsprechenden Mehrwerten.<\/p>\n<p><b>Mehrwerte<br \/>\n<\/b>Bereits in zwei Stunden k\u00f6nnen einzelne Bereiche analysiert werden. Der Gesamtcheck kann in eineinhalb Tagen realisiert werden. Eine aussagekr\u00e4ftige Standortbestimmung wird durch den direkten Nutzen aus umsetzbaren Handlungsempfehlungen und praxiserprobten Methoden abgerundet. Ebenso k\u00f6nnen zu ausgew\u00e4hlten Methoden und Instrumenten kostenfreie Tools zur Verf\u00fcgung gestellt werden. Die Aussicht einer Sicherung Ihres wirtschaftlichen Erfolgs durch eine gest\u00e4rkte Unternehmenssteuerung sollte Sie bewegen, Kontakt aufzunehmen.<\/p>\n","protected":false},"excerpt":{"rendered":"<p>IT-Check | OWL Die EDV-Umgebung und Informationsverarbeitung sind in Unternehmen entscheidende Wettbewerbsfaktoren. Vor allem kleinere und mittlere Unternehmen m\u00fcssen sich gegen Bedrohungsszenarien wie Datenverlust und Virenbefall sch\u00fctzen und daf\u00fcr sorgen, dass die IT-gest\u00fctzten Gesch\u00e4ftsprozesse sicher laufen. Das bedeutet: Vorhandene IT-Strukturen m\u00fcssen gepr\u00fcft und gegebenenfalls optimiert werden. Die damit verbundenen Aufw\u00e4nde k\u00f6nnen kleine und mittlere Unternehmen [&hellip;]<\/p>\n","protected":false},"author":22,"featured_media":0,"parent":0,"menu_order":0,"comment_status":"closed","ping_status":"closed","template":"","meta":{"footnotes":""},"class_list":["post-59","page","type-page","status-publish","hentry"],"yoast_head":"<!-- This site is optimized with the Yoast SEO plugin v27.5 - https:\/\/yoast.com\/product\/yoast-seo-wordpress\/ -->\n<title>OWL-Checks - KnowHow Ostwestfalen<\/title>\n<meta name=\"description\" content=\"Mit dem IT-Check und dem Controlling-Check bietet die IHK Ostwestfalen kostenfreie und wertvolle Hilfsangebote vor allem f\u00fcr kleine und mittlere Unternehmen\" \/>\n<meta name=\"robots\" content=\"index, follow, max-snippet:-1, max-image-preview:large, max-video-preview:-1\" \/>\n<link rel=\"canonical\" href=\"https:\/\/blog.ostwestfalen.ihk.de\/innovation\/owl-checks\/\" \/>\n<meta property=\"og:locale\" content=\"de_DE\" \/>\n<meta property=\"og:type\" content=\"article\" \/>\n<meta property=\"og:title\" content=\"OWL-Checks - KnowHow Ostwestfalen\" \/>\n<meta property=\"og:description\" content=\"Mit dem IT-Check und dem Controlling-Check bietet die IHK Ostwestfalen kostenfreie und wertvolle Hilfsangebote vor allem f\u00fcr kleine und mittlere Unternehmen\" \/>\n<meta property=\"og:url\" content=\"https:\/\/blog.ostwestfalen.ihk.de\/innovation\/owl-checks\/\" \/>\n<meta property=\"og:site_name\" content=\"KnowHow Ostwestfalen\" \/>\n<meta property=\"article:modified_time\" content=\"2015-12-01T13:08:13+00:00\" \/>\n<meta name=\"twitter:label1\" content=\"Gesch\u00e4tzte Lesezeit\" \/>\n\t<meta name=\"twitter:data1\" content=\"2\u00a0Minuten\" \/>\n<script type=\"application\/ld+json\" class=\"yoast-schema-graph\">{\"@context\":\"https:\\\/\\\/schema.org\",\"@graph\":[{\"@type\":\"WebPage\",\"@id\":\"https:\\\/\\\/blog.ostwestfalen.ihk.de\\\/innovation\\\/owl-checks\\\/\",\"url\":\"https:\\\/\\\/blog.ostwestfalen.ihk.de\\\/innovation\\\/owl-checks\\\/\",\"name\":\"OWL-Checks - KnowHow Ostwestfalen\",\"isPartOf\":{\"@id\":\"https:\\\/\\\/blog.ostwestfalen.ihk.de\\\/innovation\\\/#website\"},\"datePublished\":\"2015-11-09T10:00:34+00:00\",\"dateModified\":\"2015-12-01T13:08:13+00:00\",\"description\":\"Mit dem IT-Check und dem Controlling-Check bietet die IHK Ostwestfalen kostenfreie und wertvolle Hilfsangebote vor allem f\u00fcr kleine und mittlere Unternehmen\",\"breadcrumb\":{\"@id\":\"https:\\\/\\\/blog.ostwestfalen.ihk.de\\\/innovation\\\/owl-checks\\\/#breadcrumb\"},\"inLanguage\":\"de\",\"potentialAction\":[{\"@type\":\"ReadAction\",\"target\":[\"https:\\\/\\\/blog.ostwestfalen.ihk.de\\\/innovation\\\/owl-checks\\\/\"]}]},{\"@type\":\"BreadcrumbList\",\"@id\":\"https:\\\/\\\/blog.ostwestfalen.ihk.de\\\/innovation\\\/owl-checks\\\/#breadcrumb\",\"itemListElement\":[{\"@type\":\"ListItem\",\"position\":1,\"name\":\"Home\",\"item\":\"https:\\\/\\\/blog.ostwestfalen.ihk.de\\\/innovation\\\/\"},{\"@type\":\"ListItem\",\"position\":2,\"name\":\"OWL-Checks\"}]},{\"@type\":\"WebSite\",\"@id\":\"https:\\\/\\\/blog.ostwestfalen.ihk.de\\\/innovation\\\/#website\",\"url\":\"https:\\\/\\\/blog.ostwestfalen.ihk.de\\\/innovation\\\/\",\"name\":\"KnowHow Ostwestfalen\",\"description\":\"Innovation &amp; Technologietransfer\",\"potentialAction\":[{\"@type\":\"SearchAction\",\"target\":{\"@type\":\"EntryPoint\",\"urlTemplate\":\"https:\\\/\\\/blog.ostwestfalen.ihk.de\\\/innovation\\\/?s={search_term_string}\"},\"query-input\":{\"@type\":\"PropertyValueSpecification\",\"valueRequired\":true,\"valueName\":\"search_term_string\"}}],\"inLanguage\":\"de\"}]}<\/script>\n<!-- \/ Yoast SEO plugin. -->","yoast_head_json":{"title":"OWL-Checks - KnowHow Ostwestfalen","description":"Mit dem IT-Check und dem Controlling-Check bietet die IHK Ostwestfalen kostenfreie und wertvolle Hilfsangebote vor allem f\u00fcr kleine und mittlere Unternehmen","robots":{"index":"index","follow":"follow","max-snippet":"max-snippet:-1","max-image-preview":"max-image-preview:large","max-video-preview":"max-video-preview:-1"},"canonical":"https:\/\/blog.ostwestfalen.ihk.de\/innovation\/owl-checks\/","og_locale":"de_DE","og_type":"article","og_title":"OWL-Checks - KnowHow Ostwestfalen","og_description":"Mit dem IT-Check und dem Controlling-Check bietet die IHK Ostwestfalen kostenfreie und wertvolle Hilfsangebote vor allem f\u00fcr kleine und mittlere Unternehmen","og_url":"https:\/\/blog.ostwestfalen.ihk.de\/innovation\/owl-checks\/","og_site_name":"KnowHow Ostwestfalen","article_modified_time":"2015-12-01T13:08:13+00:00","twitter_misc":{"Gesch\u00e4tzte Lesezeit":"2\u00a0Minuten"},"schema":{"@context":"https:\/\/schema.org","@graph":[{"@type":"WebPage","@id":"https:\/\/blog.ostwestfalen.ihk.de\/innovation\/owl-checks\/","url":"https:\/\/blog.ostwestfalen.ihk.de\/innovation\/owl-checks\/","name":"OWL-Checks - KnowHow Ostwestfalen","isPartOf":{"@id":"https:\/\/blog.ostwestfalen.ihk.de\/innovation\/#website"},"datePublished":"2015-11-09T10:00:34+00:00","dateModified":"2015-12-01T13:08:13+00:00","description":"Mit dem IT-Check und dem Controlling-Check bietet die IHK Ostwestfalen kostenfreie und wertvolle Hilfsangebote vor allem f\u00fcr kleine und mittlere Unternehmen","breadcrumb":{"@id":"https:\/\/blog.ostwestfalen.ihk.de\/innovation\/owl-checks\/#breadcrumb"},"inLanguage":"de","potentialAction":[{"@type":"ReadAction","target":["https:\/\/blog.ostwestfalen.ihk.de\/innovation\/owl-checks\/"]}]},{"@type":"BreadcrumbList","@id":"https:\/\/blog.ostwestfalen.ihk.de\/innovation\/owl-checks\/#breadcrumb","itemListElement":[{"@type":"ListItem","position":1,"name":"Home","item":"https:\/\/blog.ostwestfalen.ihk.de\/innovation\/"},{"@type":"ListItem","position":2,"name":"OWL-Checks"}]},{"@type":"WebSite","@id":"https:\/\/blog.ostwestfalen.ihk.de\/innovation\/#website","url":"https:\/\/blog.ostwestfalen.ihk.de\/innovation\/","name":"KnowHow Ostwestfalen","description":"Innovation &amp; Technologietransfer","potentialAction":[{"@type":"SearchAction","target":{"@type":"EntryPoint","urlTemplate":"https:\/\/blog.ostwestfalen.ihk.de\/innovation\/?s={search_term_string}"},"query-input":{"@type":"PropertyValueSpecification","valueRequired":true,"valueName":"search_term_string"}}],"inLanguage":"de"}]}},"_links":{"self":[{"href":"https:\/\/blog.ostwestfalen.ihk.de\/innovation\/wp-json\/wp\/v2\/pages\/59","targetHints":{"allow":["GET"]}}],"collection":[{"href":"https:\/\/blog.ostwestfalen.ihk.de\/innovation\/wp-json\/wp\/v2\/pages"}],"about":[{"href":"https:\/\/blog.ostwestfalen.ihk.de\/innovation\/wp-json\/wp\/v2\/types\/page"}],"author":[{"embeddable":true,"href":"https:\/\/blog.ostwestfalen.ihk.de\/innovation\/wp-json\/wp\/v2\/users\/22"}],"replies":[{"embeddable":true,"href":"https:\/\/blog.ostwestfalen.ihk.de\/innovation\/wp-json\/wp\/v2\/comments?post=59"}],"version-history":[{"count":5,"href":"https:\/\/blog.ostwestfalen.ihk.de\/innovation\/wp-json\/wp\/v2\/pages\/59\/revisions"}],"predecessor-version":[{"id":87,"href":"https:\/\/blog.ostwestfalen.ihk.de\/innovation\/wp-json\/wp\/v2\/pages\/59\/revisions\/87"}],"wp:attachment":[{"href":"https:\/\/blog.ostwestfalen.ihk.de\/innovation\/wp-json\/wp\/v2\/media?parent=59"}],"curies":[{"name":"wp","href":"https:\/\/api.w.org\/{rel}","templated":true}]}}